{"id":100,"date":"2013-11-06T14:57:06","date_gmt":"2013-11-06T19:57:06","guid":{"rendered":"https:\/\/se.csbe.qc.ca\/exposciences\/?page_id=100"},"modified":"2020-10-09T08:43:06","modified_gmt":"2020-10-09T12:43:06","slug":"le-transport","status":"publish","type":"page","link":"https:\/\/se.csbe.qc.ca\/exposciences\/le-transport\/","title":{"rendered":"Le transport"},"content":{"rendered":"<div class=\"page-restrict-output\"><p>Le\u00a0<b>jeudi matin<\/b>, l\u2019autobus passera chercher les exposants\u00a0<b>\u00e0 leur \u00e9cole respective<\/b>\u00a0ou \u00e0 un lieu convenu avec l\u2019enseignant responsable. L\u2019heure exacte sera convenue quelques jours \u00e0 l\u2019avance, selon les inscriptions.<\/p>\n<p>Le\u00a0<b>jeudi en soir\u00e9e<\/b>, le retour se fera avec les\u00a0<b>parents des exposants<\/b>.<\/p>\n<p>Le\u00a0<b>vendredi matin<\/b>, l\u2019autobus passera chercher les exposants\u00a0<b>\u00e0 leur \u00e9cole respective<\/b>\u00a0ou \u00e0 un lieu convenu avec l\u2019enseignant responsable.\u00a0L\u2019heure exacte sera convenue quelques jours \u00e0 l\u2019avance, selon les inscriptions<\/p>\n<p>Le vendredi<b>\u00a0\u00e0 15 h00<\/b>, l\u2019autobus reconduira les exposants\u00a0<b>\u00e0 leur \u00e9cole respective<\/b>\u00a0ou \u00e0 un lieu convenu avec l\u2019enseignant responsable.<\/p>\n<p>Les coroplasts doivent \u00eatre envoy\u00e9s par la camionnette de la CSBE. Ils doivent arriver avant le mardi pr\u00e9c\u00e9dent l\u2019expo-sciences. Le retour des coroplasts dans les \u00e9coles se fera par la camionnette durant les deux semaines suivant l\u2019expo-sciences.\u00a0 S&rsquo;il y a plus de 5 \u00e9quipes participantes dans l&rsquo;\u00e9cole, il faut communiquer avec le transporteur de la commission scolaire pour planifier ce transport.\u00a0 Il est recommand\u00e9 de ne pas attendre \u00e0 la derni\u00e8re minute pour envoyer les coroplasts \u00e0 l&rsquo;\u00e9cole h\u00f4te, quitte \u00e0 ce que les exposants terminent leur pr\u00e9sentation sur place.<\/p>\n<p>HORAIRE DU TRANSPORT : voir la pi\u00e8ce jointe<\/p>\n<!-- WP Attachments -->\r\n        <div style=\"width:100%;margin:10px 0 10px 0;\">\r\n            <h3>Attachments<\/h3>\r\n        <ul class=\"post-attachments\"><li class=\"post-attachment mime-application-pdf\"><a href=\"https:\/\/se.csbe.qc.ca\/exposciences\/files\/2020\/01\/horaire-transport-final-2020.pdf\">horaire transport final 2020<\/a> <small>(541 kB)<\/small><\/li><\/ul><\/div><\/div>","protected":false},"excerpt":{"rendered":"<div class=\"page-restrict-output\"><p>Le\u00a0jeudi matin, l\u2019autobus passera chercher les exposants\u00a0\u00e0 leur \u00e9cole respective\u00a0ou \u00e0 un lieu convenu avec l\u2019enseignant responsable. L\u2019heure exacte sera convenue quelques jours \u00e0 l\u2019avance, selon les inscriptions. Le\u00a0jeudi en soir\u00e9e, le retour se fera avec les\u00a0parents des exposants. Le\u00a0vendredi matin, l\u2019autobus passera chercher les exposants\u00a0\u00e0 leur \u00e9cole respective\u00a0ou \u00e0 un lieu convenu avec l\u2019enseignant &hellip; <\/p>\n<p><a class=\"more-link btn\" href=\"https:\/\/se.csbe.qc.ca\/exposciences\/le-transport\/\">Lire la suite<\/a><\/p>\n<\/div>","protected":false},"author":3,"featured_media":0,"parent":0,"menu_order":0,"comment_status":"closed","ping_status":"open","template":"","meta":{"footnotes":""},"class_list":["post-100","page","type-page","status-publish","hentry","nodate","item-wrap"],"_links":{"self":[{"href":"https:\/\/se.csbe.qc.ca\/exposciences\/wp-json\/wp\/v2\/pages\/100","targetHints":{"allow":["GET"]}}],"collection":[{"href":"https:\/\/se.csbe.qc.ca\/exposciences\/wp-json\/wp\/v2\/pages"}],"about":[{"href":"https:\/\/se.csbe.qc.ca\/exposciences\/wp-json\/wp\/v2\/types\/page"}],"author":[{"embeddable":true,"href":"https:\/\/se.csbe.qc.ca\/exposciences\/wp-json\/wp\/v2\/users\/3"}],"replies":[{"embeddable":true,"href":"https:\/\/se.csbe.qc.ca\/exposciences\/wp-json\/wp\/v2\/comments?post=100"}],"version-history":[{"count":8,"href":"https:\/\/se.csbe.qc.ca\/exposciences\/wp-json\/wp\/v2\/pages\/100\/revisions"}],"predecessor-version":[{"id":276,"href":"https:\/\/se.csbe.qc.ca\/exposciences\/wp-json\/wp\/v2\/pages\/100\/revisions\/276"}],"wp:attachment":[{"href":"https:\/\/se.csbe.qc.ca\/exposciences\/wp-json\/wp\/v2\/media?parent=100"}],"curies":[{"name":"wp","href":"https:\/\/api.w.org\/{rel}","templated":true}]}}