{"id":1438,"date":"2020-09-04T10:00:34","date_gmt":"2020-09-04T14:00:34","guid":{"rendered":"https:\/\/se.csbe.qc.ca\/eslprimaire\/?page_id=1438"},"modified":"2021-01-29T08:04:38","modified_gmt":"2021-01-29T13:04:38","slug":"essential-knowledge","status":"publish","type":"page","link":"https:\/\/se.csbe.qc.ca\/eslprimaire\/essential-knowledge\/","title":{"rendered":"Essential Knowledge"},"content":{"rendered":"<div class=\"page-restrict-output\">\n<h4 class=\"wp-block-heading\">Document created by the MEQ (January 2021)<\/h4>\n\n\n\n<p><a href=\"http:\/\/www.education.gouv.qc.ca\/fileadmin\/site_web\/documents\/education\/jeunes\/PDA-anglais-langue-seconde-1cycle-primaire.pdf\"><span style=\"font-weight: 300\">Apprentissage \u00e0 prioriser pour l&#8217;ann\u00e9e scolaire 2020-2021 en contexte pand\u00e9mique &#8211; Anglais, langue seconde, premier cycle du primaire &#8211; (January 2021)<\/span><\/a><\/p>\n<p><a href=\"http:\/\/www.education.gouv.qc.ca\/fileadmin\/site_web\/documents\/education\/jeunes\/PDA-anglais-langue-seconde-2cycle-primaire.pdf\"><span style=\"font-weight: 300\">Apprentissage \u00e0 prioriser pour l&#8217;ann\u00e9e scolaire 2020-2021 en contexte pand\u00e9mique &#8211; Anglais, langue seconde, deuxi\u00e8me cycle du primaire &#8211; (January 2021)<\/span><\/a><\/p>\n<p><a href=\"http:\/\/www.education.gouv.qc.ca\/fileadmin\/site_web\/documents\/education\/jeunes\/PDA-anglais-langue-seconde-3cycle-primaire.pdf\"><span style=\"font-weight: 300\">Apprentissage \u00e0 prioriser pour l&#8217;ann\u00e9e scolaire 2020-2021 en contexte pand\u00e9mique &#8211; Anglais, langue seconde, troisi\u00e8me cycle du primaire &#8211; (January 2021)<\/span><\/a><\/p>\n\n\n\n<h4 class=\"wp-block-heading\">Document created by the MEES (August, 2020)<\/h4>\n\n\n\n<p><a href=\"https:\/\/drive.google.com\/file\/d\/1sjGlPKtMhpD1R_BloTPYFsDju1N16hkL\/view?usp=sharing\">Soutien dans l&#8217;identification des apprentissages essentiels (Anglais, langue seconde) Ao\u00fbt 2020<\/a><\/p>\n<p><a href=\"https:\/\/drive.google.com\/file\/d\/1efoVTOY4ZfBoBZub5GuMmT1xvOLkMV3f\/view?usp=sharing\"><span style=\"font-weight: 300\">Support for identifying essential learning (English as a Second Language) October 2020<\/span><\/a><\/p>\n\n\n\n<h5>&nbsp;<\/h5>\n<blockquote>\n<h4><span style=\"color: #339966\"><em>In no way do the following documents replace your official MEES documents. You can find all the offical documents under &#8220;<a href=\"https:\/\/se.csbe.qc.ca\/eslprimaire\/basicselementary\/\">the basics<\/a>&#8220;.<\/em><\/span><\/h4>\n<\/blockquote>\n<p>&nbsp;<\/p>\n\n\n\n<h4>Essential Knowledge &#8211; Planning Tool (Google Sheets) (October 2020)<\/h4>\n<p><a href=\"https:\/\/docs.google.com\/spreadsheets\/d\/11wamUxpGaHzUvgXe0aj90GwWnnK9qXMlzl_p3Y67C8k\/preview\" data-rich-text-format-boundary=\"true\">Essential Knowledge &#8211; Elementary (Grade 1 to 6) : Planning Tool (SV, 2020)<\/a><\/p>\n<p>&nbsp;<\/p>\n\n\n\n<h4 class=\"wp-block-heading\">Planning My School Year (May 2020)<\/h4>\n\n\n\n<p><a href=\"https:\/\/docs.google.com\/presentation\/d\/1ZzxCr3agJFXpNqWS01EUTd0JqRnpyuj0uYwKVjAKRTY\/preview\">Cycle 1 &#8211; Students are becoming aware of new knowledge while developing the competencies (SV, 2020)<\/a><\/p>\n<p><a href=\"https:\/\/docs.google.com\/presentation\/d\/10xDXacGoGZn2G4nPt4XMdj-8coyWl50hv_me-qWDE_Y\/preview\">Cycles 2 &amp; 3 &#8211; Knowledge students should apply by the end of the school year (SV, 2020)<\/a><\/p>\n<p><a href=\"https:\/\/docs.google.com\/presentation\/d\/12n95y4KMSKz27nn-b-zxfIb0g6T2v-Dncd61PEZDXl8\/preview\">Cycles 2 &amp; 3 &#8211; Knowledge students reinvests (SV, 2020)<\/a><\/p>\n<p><a href=\"https:\/\/docs.google.com\/presentation\/d\/1X98qwg3rx0YZB6eWz0ctQfP72qYPwRgBkreIfCZ51Rc\/preview\">Cycles 2 &amp; 3 &#8211; Knowledge students construct with teacher guidance (SV, 2020)<\/a><\/p>\n<p>&nbsp;<\/p>\n\n\n\n<h4 class=\"wp-block-heading\">End of Cycle Outcomes \/ Evaluation Criteria \/ Scales of Competencies (May 2020)<\/h4>\n\n\n\n<p><a href=\"https:\/\/docs.google.com\/presentation\/d\/1Fnhqjt3teh-R4RnYr07AabLg_8etdV8ahGtjYip8wEk\/preview\">Cycle 1 (SV, 2020)<\/a><\/p>\n<p><a href=\"https:\/\/docs.google.com\/presentation\/d\/1X9jKHq-yziqPbecI0GzfnbUiVCaGuU7X9S64tZ_uZcQ\/preview\">Cycles 2 &amp; 3 (SV, 2020)<\/a><\/p>\n<p>&nbsp;<\/p>\n\n\n\n<h4 class=\"wp-block-heading\">Everything there is to know when teaching&#8230;. (May 2020)<\/h4>\n\n\n\n<p><a href=\"https:\/\/docs.google.com\/presentation\/d\/12RuS-atGiwwri6n8GymV9s5ukKV0mQ5738xfnCTgeS0\/preview\">Grade 1 (SV, 2020)<\/a><\/p>\n<p><a href=\"https:\/\/docs.google.com\/presentation\/d\/1WmSPHYrsq6mt3sYlTXFc3jLekohhD4ttWMbyrnZGs64\/preview\">Grade 2 (SV, 2020)<\/a><\/p>\n<p><a href=\"https:\/\/docs.google.com\/presentation\/d\/1BZ5Q7SG3sID5LM0lgqC1a4DN4xEws9nM9_bPOHEQy9Y\/preview\">Grade 3 (SV, 2020)<\/a><\/p>\n<p><a href=\"https:\/\/docs.google.com\/presentation\/d\/1KrkSR6f9G4aQxPV0RrOye-YrqIrYYU3pr17FFM4FBNw\/preview\">Grade 4 (SV, 2020)<\/a><\/p>\n<p><a href=\"https:\/\/docs.google.com\/presentation\/d\/1GE93ApVdH7pOp0cWQIzRA0kJt0k6xhX_1YqAP1AjDdE\/preview\">Grade 5 (SV, 2020)<\/a><\/p>\n<p><a href=\"https:\/\/docs.google.com\/presentation\/d\/1DXrTDHALL5wlSByQ4Uu_sM4V3qRmGC6TIR1Rg9t50TA\/preview\">Grade 6 (SV, 2020)<\/a><\/p>\n<p>&nbsp;<\/p>\n\n\n\n<h4 class=\"wp-block-heading\">Global Planning Template (May 2020)<\/h4>\n\n\n\n<p><a href=\"https:\/\/drive.google.com\/file\/d\/1eiTkkEo9bNkjv5-gy6gEPfsSYWO88eOh\/preview\">Cycle 1 (Word) (CSTV &amp; CSMV, 2020)<\/a><\/p>\n<p><a href=\"https:\/\/drive.google.com\/file\/d\/1UKjKnyu2t0szdEX_32ePW0oARax6okBB\/preview\">Cycle 1 (PDF)&nbsp; (CSTV &amp; CSMV, 2020)<\/a>&nbsp;<\/p>\n<p><a href=\"https:\/\/drive.google.com\/file\/d\/1zMaDuQRZf5PYj8XgjmjeT9i9R3Tusm3c\/preview\">Cycle 2-3 (Word) (CSTV &amp; CSMV, 2020)<\/a><\/p>\n<p><a href=\"https:\/\/drive.google.com\/file\/d\/1cbIUZa0vY3uJ_8BqkJwbNL01LfYMGLAJ\/preview\">Cycle 2-3 (PDF) (CSTV &amp; CSMV, 2020)<\/a><\/p>\n<p>&nbsp;<\/p>\n<h4 id=\"block-93eca44a-7224-44f1-94f4-fc86e80677bb\" class=\"block-editor-block-list__block wp-block is-selected rich-text block-editor-rich-text__editable wp-block\" role=\"textbox\" aria-label=\"Write heading\u2026\" data-block=\"93eca44a-7224-44f1-94f4-fc86e80677bb\" data-type=\"core\/heading\" data-title=\"Heading\" data-focus-visible-added=\"\">Essential elements &amp; Ideas (May 2020)<\/h4>\n<p><a href=\"https:\/\/drive.google.com\/file\/d\/1IulGfTEL8TrekVWGcGu_2rLbKToaMFOd\/preview\">Cycle 2 (PDF) &#8211; (CSP, 2020)<\/a><\/p>\n<p><a href=\"https:\/\/drive.google.com\/file\/d\/1BB4MozoGWzrB0xvQMPDFKYt09sfv0zvC\/preview\">Cycle 3 (PDF) &#8211; (CSP, 2020)<\/a><\/p>\n<p>&nbsp;<\/p>\n\n\n\n<h4 class=\"wp-block-heading\">Documents about&#8230;  <\/h4>\n\n\n\n<p><a href=\"https:\/\/se.csbe.qc.ca\/eslprimaire\/contextual-language-functional-language\/\">Contextual and Functional Language (SV 2019)<\/a><\/p>\n<p><a href=\"https:\/\/se.csbe.qc.ca\/eslprimaire\/teaching-first-cycle\/\">Teaching First Cycle (SV 2019)<\/a><\/p>\n<p><a href=\"https:\/\/se.csbe.qc.ca\/eslprimaire\/teaching-grade-6-regular-or-intensive\/\">Teaching Grade 6 (Regular or Intensive) (SV 2019,2020)<\/a><\/p>\n<p>&nbsp;<\/p>\n<h4>Might be helpful&#8230;&nbsp;<\/h4>\n<p><a href=\"https:\/\/se.csbe.qc.ca\/eslprimaire\/available-ready-to-go-activities\/\">List of activities and LES available on the SharePoint (SV, 2018, 2019,2020)<\/a><\/p>\n<p><a href=\"https:\/\/se.csbe.qc.ca\/eslprimaire\/classroom-routine-google-template\/\">Classroom Routine &#8211; Google Template (SV, 2019)&nbsp;<\/a><\/p>\n\n\n\n<p><\/p>\n<\/div>","protected":false},"excerpt":{"rendered":"<div class=\"page-restrict-output\"><p>Document created by the MEQ (January 2021) Apprentissage \u00e0 prioriser pour l&#8217;ann\u00e9e scolaire 2020-2021 en contexte pand\u00e9mique &#8211; Anglais, langue seconde, premier cycle du primaire&#8230;<\/p>\n<\/div>","protected":false},"author":848,"featured_media":0,"parent":0,"menu_order":0,"comment_status":"closed","ping_status":"closed","template":"","meta":{"footnotes":""},"class_list":["post-1438","page","type-page","status-publish","hentry"],"_links":{"self":[{"href":"https:\/\/se.csbe.qc.ca\/eslprimaire\/wp-json\/wp\/v2\/pages\/1438","targetHints":{"allow":["GET"]}}],"collection":[{"href":"https:\/\/se.csbe.qc.ca\/eslprimaire\/wp-json\/wp\/v2\/pages"}],"about":[{"href":"https:\/\/se.csbe.qc.ca\/eslprimaire\/wp-json\/wp\/v2\/types\/page"}],"author":[{"embeddable":true,"href":"https:\/\/se.csbe.qc.ca\/eslprimaire\/wp-json\/wp\/v2\/users\/848"}],"replies":[{"embeddable":true,"href":"https:\/\/se.csbe.qc.ca\/eslprimaire\/wp-json\/wp\/v2\/comments?post=1438"}],"version-history":[{"count":33,"href":"https:\/\/se.csbe.qc.ca\/eslprimaire\/wp-json\/wp\/v2\/pages\/1438\/revisions"}],"predecessor-version":[{"id":1598,"href":"https:\/\/se.csbe.qc.ca\/eslprimaire\/wp-json\/wp\/v2\/pages\/1438\/revisions\/1598"}],"wp:attachment":[{"href":"https:\/\/se.csbe.qc.ca\/eslprimaire\/wp-json\/wp\/v2\/media?parent=1438"}],"curies":[{"name":"wp","href":"https:\/\/api.w.org\/{rel}","templated":true}]}}