{"id":98,"date":"2017-02-27T16:33:30","date_gmt":"2017-02-27T15:33:30","guid":{"rendered":"https:\/\/se.csbe.qc.ca\/educationsexualite\/?page_id=98"},"modified":"2018-02-21T21:40:05","modified_gmt":"2018-02-21T20:40:05","slug":"prevention-agressionviolence-sexuelle-3e-annee","status":"publish","type":"page","link":"https:\/\/se.csbe.qc.ca\/educationsexualite\/prevention-agressionviolence-sexuelle-3e-annee\/","title":{"rendered":"Pr\u00e9vention agression\/violence sexuelle &#8211; 3e ann\u00e9e"},"content":{"rendered":"<div class=\"page-restrict-output\"><p><a href=\"https:\/\/se.csbe.qc.ca\/educationsexualite\/files\/2017\/12\/Gris-3e-ann\u00e9e-FINAL.pdf\">Gris Canevas p\u00e9dagogique MEES 3e ann\u00e9e<\/a><\/p>\n<p>Documents :<\/p>\n<p><a href=\"https:\/\/se.csbe.qc.ca\/educationsexualite\/files\/2017\/11\/GRIS_3e_annee_deroulement.pdf\">GRIS 3e ann\u00e9e | D\u00e9roulement<\/a><\/p>\n<p><a href=\"https:\/\/se.csbe.qc.ca\/educationsexualite\/files\/2017\/11\/GRIS_3e_annee_Diaporama.pptx\">GRIS 3e ann\u00e9e | Diaporama<\/a><\/p>\n<p><a href=\"https:\/\/se.csbe.qc.ca\/educationsexualite\/files\/2017\/11\/KIK_Danger_etranger.pdf\">GRIS 3e ann\u00e9e | Danger \u00e9tranger<\/a><\/p>\n<p><a href=\"https:\/\/se.csbe.qc.ca\/educationsexualite\/files\/2017\/11\/GRIS_3e_annee_Annexe_7regles.pdf\">GRIS 3e ann\u00e9e | Annexe &#8211; 7 r\u00e8gles<\/a><\/p>\n<p><a href=\"https:\/\/se.csbe.qc.ca\/educationsexualite\/files\/2017\/11\/GRIS_3e_annee_Annexe_histoire_Maxim.docx\">GRIS 3e ann\u00e9e | Annexe &#8211; Histoire Maxim<\/a><\/p>\n<p><a href=\"https:\/\/se.csbe.qc.ca\/educationsexualite\/files\/2017\/11\/GRIS_3e_annee_Annexe_Mosaik_Bulletin5.pdf\">GRIS 3e ann\u00e9e | Annexe &#8211; Mosaik Bulletin<\/a><\/p>\n<!-- WP Attachments -->\r\n        <div style=\"width:100%;margin:10px 0 10px 0;\">\r\n            <h3>Attachments<\/h3>\r\n        <ul class=\"post-attachments\"><li class=\"post-attachment mime-application-vnd-openxmlformats-officedocument-presentationml-presentation\"><a href=\"https:\/\/se.csbe.qc.ca\/educationsexualite\/files\/2017\/11\/GRIS_3e_annee_Diaporama.pptx\">GRIS_3e_annee_Diaporama<\/a> <small>(452 kB)<\/small><\/li><li class=\"post-attachment mime-application-pdf\"><a href=\"https:\/\/se.csbe.qc.ca\/educationsexualite\/files\/2017\/11\/KIK_Danger_etranger.pdf\">KIK_Danger_etranger<\/a> <small>(209 kB)<\/small><\/li><li class=\"post-attachment mime-application-pdf\"><a href=\"https:\/\/se.csbe.qc.ca\/educationsexualite\/files\/2017\/11\/GRIS_3e_annee_deroulement.pdf\">GRIS_3e_annee_deroulement<\/a> <small>(576 kB)<\/small><\/li><li class=\"post-attachment mime-application-pdf\"><a href=\"https:\/\/se.csbe.qc.ca\/educationsexualite\/files\/2017\/11\/Gris-3e-ann\u00e9e-FINAL.pdf\">Gris 3e ann\u00e9e FINAL<\/a> <small>(992 kB)<\/small><\/li><li class=\"post-attachment mime-application-pdf\"><a href=\"https:\/\/se.csbe.qc.ca\/educationsexualite\/files\/2017\/11\/GRIS_3e_annee_Annexe_7regles.pdf\">GRIS_3e_annee_Annexe_7regles<\/a> <small>(224 kB)<\/small><\/li><li class=\"post-attachment mime-application-vnd-openxmlformats-officedocument-wordprocessingml-document\"><a href=\"https:\/\/se.csbe.qc.ca\/educationsexualite\/files\/2017\/11\/GRIS_3e_annee_Annexe_histoire_Maxim.docx\">GRIS_3e_annee_Annexe_histoire_Maxim<\/a> <small>(17 kB)<\/small><\/li><li class=\"post-attachment mime-application-pdf\"><a href=\"https:\/\/se.csbe.qc.ca\/educationsexualite\/files\/2017\/11\/GRIS_3e_annee_Annexe_Mosaik_Bulletin5.pdf\">GRIS_3e_annee_Annexe_Mosaik_Bulletin5<\/a> <small>(1001 kB)<\/small><\/li><\/ul><\/div><\/div>","protected":false},"excerpt":{"rendered":"<div class=\"page-restrict-output\"><p>Gris Canevas p\u00e9dagogique MEES 3e ann\u00e9e Documents : GRIS 3e ann\u00e9e | D\u00e9roulement GRIS 3e ann\u00e9e | Diaporama GRIS 3e ann\u00e9e | Danger \u00e9tranger GRIS 3e ann\u00e9e | Annexe &#8211; 7 r\u00e8gles GRIS 3e ann\u00e9e | Annexe &#8211; Histoire Maxim &hellip; <a href=\"https:\/\/se.csbe.qc.ca\/educationsexualite\/prevention-agressionviolence-sexuelle-3e-annee\/\">Continuer la lecture <span class=\"meta-nav\">&rarr;<\/span><\/a><\/p>\n<\/div>","protected":false},"author":844,"featured_media":0,"parent":0,"menu_order":0,"comment_status":"closed","ping_status":"closed","template":"","meta":{"footnotes":""},"class_list":["post-98","page","type-page","status-publish","hentry"],"_links":{"self":[{"href":"https:\/\/se.csbe.qc.ca\/educationsexualite\/wp-json\/wp\/v2\/pages\/98","targetHints":{"allow":["GET"]}}],"collection":[{"href":"https:\/\/se.csbe.qc.ca\/educationsexualite\/wp-json\/wp\/v2\/pages"}],"about":[{"href":"https:\/\/se.csbe.qc.ca\/educationsexualite\/wp-json\/wp\/v2\/types\/page"}],"author":[{"embeddable":true,"href":"https:\/\/se.csbe.qc.ca\/educationsexualite\/wp-json\/wp\/v2\/users\/844"}],"replies":[{"embeddable":true,"href":"https:\/\/se.csbe.qc.ca\/educationsexualite\/wp-json\/wp\/v2\/comments?post=98"}],"version-history":[{"count":11,"href":"https:\/\/se.csbe.qc.ca\/educationsexualite\/wp-json\/wp\/v2\/pages\/98\/revisions"}],"predecessor-version":[{"id":419,"href":"https:\/\/se.csbe.qc.ca\/educationsexualite\/wp-json\/wp\/v2\/pages\/98\/revisions\/419"}],"wp:attachment":[{"href":"https:\/\/se.csbe.qc.ca\/educationsexualite\/wp-json\/wp\/v2\/media?parent=98"}],"curies":[{"name":"wp","href":"https:\/\/api.w.org\/{rel}","templated":true}]}}