{"id":87,"date":"2017-02-27T16:33:02","date_gmt":"2017-02-27T15:33:02","guid":{"rendered":"https:\/\/se.csbe.qc.ca\/educationsexualite\/?page_id=87"},"modified":"2018-02-21T17:00:59","modified_gmt":"2018-02-21T16:00:59","slug":"prevention-agressionviolence-sexuelle-1re-annee","status":"publish","type":"page","link":"https:\/\/se.csbe.qc.ca\/educationsexualite\/prevention-agressionviolence-sexuelle\/prevention-agressionviolence-sexuelle-1re-annee\/","title":{"rendered":"Pr\u00e9vention agression\/violence sexuelle &#8211; 1re ann\u00e9e"},"content":{"rendered":"<div class=\"page-restrict-output\"><p><a href=\"https:\/\/se.csbe.qc.ca\/educationsexualite\/files\/2017\/02\/GRIS-1e-annee-FINAL.pdf\">GRIS Canevas pedagoqique MEES 1re ann\u00e9e<\/a><\/p>\n<p>Documents:<\/p>\n<p>GRI<a href=\"https:\/\/se.csbe.qc.ca\/educationsexualite\/files\/2017\/11\/GRIS_1ere_annee_deroulement_final.pdf\">S 1re ann\u00e9e | D\u00e9roulement<\/a><\/p>\n<p><a href=\"https:\/\/se.csbe.qc.ca\/educationsexualite\/files\/2017\/02\/GRIS_1ere_annee_Diaporama.pptx\">GRIS 1re ann\u00e9e | Diaporama<\/a><\/p>\n<p><a href=\"https:\/\/se.csbe.qc.ca\/educationsexualite\/files\/2017\/02\/7r\u00e8glesde-s\u00e9curit\u00e9.pdf\">GRIS 1re ann\u00e9e | 7 r\u00e8gles de s\u00e9curit\u00e9<\/a><\/p>\n<p><a href=\"https:\/\/se.csbe.qc.ca\/educationsexualite\/files\/2017\/02\/Bulletin2_parents.pdf\">GRIS 1re ann\u00e9e | Bulletin parents<\/a><\/p>\n<p><a href=\"https:\/\/se.csbe.qc.ca\/educationsexualite\/files\/2017\/02\/GRIS_1ere_Annexe_conclusion_dessin.docx\">GRIS 1re ann\u00e9e | Annexe &#8211; Conclusion dessin<\/a><\/p>\n<p><a href=\"https:\/\/se.csbe.qc.ca\/educationsexualite\/files\/2017\/02\/GRIS_1ere_Annexe_histoire_Mathilde.docx\">GRIS 1re ann\u00e9e | Annexe &#8211; Histoire Mathilde<\/a><\/p>\n<!-- WP Attachments -->\r\n        <div style=\"width:100%;margin:10px 0 10px 0;\">\r\n            <h3>Attachments<\/h3>\r\n        <ul class=\"post-attachments\"><li class=\"post-attachment mime-application-pdf\"><a href=\"https:\/\/se.csbe.qc.ca\/educationsexualite\/files\/2017\/02\/GRIS-1e-annee-FINAL.pdf\">GRIS 1e annee FINAL<\/a> <small>(2 MB)<\/small><\/li><li class=\"post-attachment mime-application-pdf\"><a href=\"https:\/\/se.csbe.qc.ca\/educationsexualite\/files\/2017\/02\/7r\u00e8glesde-s\u00e9curit\u00e9.pdf\">7r\u00e8glesde s\u00e9curit\u00e9<\/a> <small>(224 kB)<\/small><\/li><li class=\"post-attachment mime-application-pdf\"><a href=\"https:\/\/se.csbe.qc.ca\/educationsexualite\/files\/2017\/02\/Bulletin2_parents.pdf\">Bulletin2_parents<\/a> <small>(980 kB)<\/small><\/li><li class=\"post-attachment mime-application-vnd-openxmlformats-officedocument-presentationml-presentation\"><a href=\"https:\/\/se.csbe.qc.ca\/educationsexualite\/files\/2017\/02\/GRIS_1ere_annee_Diaporama.pptx\">GRIS_1ere_annee_Diaporama<\/a> <small>(3 MB)<\/small><\/li><li class=\"post-attachment mime-application-vnd-openxmlformats-officedocument-wordprocessingml-document\"><a href=\"https:\/\/se.csbe.qc.ca\/educationsexualite\/files\/2017\/02\/GRIS_1ere_Annexe_conclusion_dessin.docx\">GRIS_1ere_Annexe_conclusion_dessin<\/a> <small>(126 kB)<\/small><\/li><li class=\"post-attachment mime-application-vnd-openxmlformats-officedocument-wordprocessingml-document\"><a href=\"https:\/\/se.csbe.qc.ca\/educationsexualite\/files\/2017\/02\/GRIS_1ere_Annexe_histoire_Mathilde.docx\">GRIS_1ere_Annexe_histoire_Mathilde<\/a> <small>(21 kB)<\/small><\/li><li class=\"post-attachment mime-application-pdf\"><a href=\"https:\/\/se.csbe.qc.ca\/educationsexualite\/files\/2017\/02\/GRIS-1e-annee-FINAL-1.pdf\">GRIS 1e annee FINAL<\/a> <small>(2 MB)<\/small><\/li><li class=\"post-attachment mime-application-pdf\"><a href=\"https:\/\/se.csbe.qc.ca\/educationsexualite\/files\/2017\/11\/GRIS_1ere_annee_deroulement_final.pdf\">GRIS_1ere_annee_deroulement_final<\/a> <small>(564 kB)<\/small><\/li><li class=\"post-attachment mime-application-pdf\"><a href=\"https:\/\/se.csbe.qc.ca\/educationsexualite\/files\/2018\/02\/affichage_Operateur_repro.pdf\">affichage_Operateur_repro<\/a> <small>(23 kB)<\/small><\/li><\/ul><\/div><\/div>","protected":false},"excerpt":{"rendered":"<div class=\"page-restrict-output\"><p>GRIS Canevas pedagoqique MEES 1re ann\u00e9e Documents: GRIS 1re ann\u00e9e | D\u00e9roulement GRIS 1re ann\u00e9e | Diaporama GRIS 1re ann\u00e9e | 7 r\u00e8gles de s\u00e9curit\u00e9 GRIS 1re ann\u00e9e | Bulletin parents GRIS 1re ann\u00e9e | Annexe &#8211; Conclusion dessin GRIS &hellip; <a href=\"https:\/\/se.csbe.qc.ca\/educationsexualite\/prevention-agressionviolence-sexuelle\/prevention-agressionviolence-sexuelle-1re-annee\/\">Continuer la lecture <span class=\"meta-nav\">&rarr;<\/span><\/a><\/p>\n<\/div>","protected":false},"author":844,"featured_media":0,"parent":135,"menu_order":0,"comment_status":"closed","ping_status":"closed","template":"","meta":{"footnotes":""},"class_list":["post-87","page","type-page","status-publish","hentry"],"_links":{"self":[{"href":"https:\/\/se.csbe.qc.ca\/educationsexualite\/wp-json\/wp\/v2\/pages\/87","targetHints":{"allow":["GET"]}}],"collection":[{"href":"https:\/\/se.csbe.qc.ca\/educationsexualite\/wp-json\/wp\/v2\/pages"}],"about":[{"href":"https:\/\/se.csbe.qc.ca\/educationsexualite\/wp-json\/wp\/v2\/types\/page"}],"author":[{"embeddable":true,"href":"https:\/\/se.csbe.qc.ca\/educationsexualite\/wp-json\/wp\/v2\/users\/844"}],"replies":[{"embeddable":true,"href":"https:\/\/se.csbe.qc.ca\/educationsexualite\/wp-json\/wp\/v2\/comments?post=87"}],"version-history":[{"count":8,"href":"https:\/\/se.csbe.qc.ca\/educationsexualite\/wp-json\/wp\/v2\/pages\/87\/revisions"}],"predecessor-version":[{"id":430,"href":"https:\/\/se.csbe.qc.ca\/educationsexualite\/wp-json\/wp\/v2\/pages\/87\/revisions\/430"}],"up":[{"embeddable":true,"href":"https:\/\/se.csbe.qc.ca\/educationsexualite\/wp-json\/wp\/v2\/pages\/135"}],"wp:attachment":[{"href":"https:\/\/se.csbe.qc.ca\/educationsexualite\/wp-json\/wp\/v2\/media?parent=87"}],"curies":[{"name":"wp","href":"https:\/\/api.w.org\/{rel}","templated":true}]}}