{"id":55,"date":"2017-02-27T16:27:12","date_gmt":"2017-02-27T15:27:12","guid":{"rendered":"https:\/\/se.csbe.qc.ca\/educationsexualite\/?page_id=55"},"modified":"2017-02-27T16:27:12","modified_gmt":"2017-02-27T15:27:12","slug":"identite-roles-stereotypes-sexuels-et-normes-sociales","status":"publish","type":"page","link":"https:\/\/se.csbe.qc.ca\/educationsexualite\/identite-roles-stereotypes-sexuels-et-normes-sociales\/","title":{"rendered":"Identit\u00e9, r\u00f4les, st\u00e9r\u00e9otypes sexuels et normes sociales"},"content":{"rendered":"<div class=\"page-restrict-output\"><p>Identit\u00e9, r\u00f4les, st\u00e9r\u00e9otypes sexuels et normes sociales &#8211; 3e ann\u00e9e<\/p>\n<\/div>","protected":false},"excerpt":{"rendered":"<div class=\"page-restrict-output\"><p>Identit\u00e9, r\u00f4les, st\u00e9r\u00e9otypes sexuels et normes sociales &#8211; 3e ann\u00e9e<\/p>\n<\/div>","protected":false},"author":3,"featured_media":0,"parent":0,"menu_order":0,"comment_status":"closed","ping_status":"closed","template":"","meta":{"footnotes":""},"class_list":["post-55","page","type-page","status-publish","hentry"],"_links":{"self":[{"href":"https:\/\/se.csbe.qc.ca\/educationsexualite\/wp-json\/wp\/v2\/pages\/55","targetHints":{"allow":["GET"]}}],"collection":[{"href":"https:\/\/se.csbe.qc.ca\/educationsexualite\/wp-json\/wp\/v2\/pages"}],"about":[{"href":"https:\/\/se.csbe.qc.ca\/educationsexualite\/wp-json\/wp\/v2\/types\/page"}],"author":[{"embeddable":true,"href":"https:\/\/se.csbe.qc.ca\/educationsexualite\/wp-json\/wp\/v2\/users\/3"}],"replies":[{"embeddable":true,"href":"https:\/\/se.csbe.qc.ca\/educationsexualite\/wp-json\/wp\/v2\/comments?post=55"}],"version-history":[{"count":1,"href":"https:\/\/se.csbe.qc.ca\/educationsexualite\/wp-json\/wp\/v2\/pages\/55\/revisions"}],"predecessor-version":[{"id":57,"href":"https:\/\/se.csbe.qc.ca\/educationsexualite\/wp-json\/wp\/v2\/pages\/55\/revisions\/57"}],"wp:attachment":[{"href":"https:\/\/se.csbe.qc.ca\/educationsexualite\/wp-json\/wp\/v2\/media?parent=55"}],"curies":[{"name":"wp","href":"https:\/\/api.w.org\/{rel}","templated":true}]}}