{"id":54,"date":"2017-02-27T16:26:51","date_gmt":"2017-02-27T15:26:51","guid":{"rendered":"https:\/\/se.csbe.qc.ca\/educationsexualite\/?page_id=54"},"modified":"2017-02-27T16:27:13","modified_gmt":"2017-02-27T15:27:13","slug":"identite-roles-stereotypes-sexuels-et-normes-sociales-6e-annee","status":"publish","type":"page","link":"https:\/\/se.csbe.qc.ca\/educationsexualite\/identite-roles-stereotypes-sexuels-et-normes-sociales-6e-annee\/","title":{"rendered":"Identit\u00e9, r\u00f4les, st\u00e9r\u00e9otypes sexuels et normes sociales &#8211; 6e ann\u00e9e"},"content":{"rendered":"<div class=\"page-restrict-output\"><p>Documents<\/p>\n<\/div>","protected":false},"excerpt":{"rendered":"<div class=\"page-restrict-output\"><p>Documents<\/p>\n<\/div>","protected":false},"author":844,"featured_media":0,"parent":0,"menu_order":0,"comment_status":"closed","ping_status":"closed","template":"","meta":{"footnotes":""},"class_list":["post-54","page","type-page","status-publish","hentry"],"_links":{"self":[{"href":"https:\/\/se.csbe.qc.ca\/educationsexualite\/wp-json\/wp\/v2\/pages\/54","targetHints":{"allow":["GET"]}}],"collection":[{"href":"https:\/\/se.csbe.qc.ca\/educationsexualite\/wp-json\/wp\/v2\/pages"}],"about":[{"href":"https:\/\/se.csbe.qc.ca\/educationsexualite\/wp-json\/wp\/v2\/types\/page"}],"author":[{"embeddable":true,"href":"https:\/\/se.csbe.qc.ca\/educationsexualite\/wp-json\/wp\/v2\/users\/844"}],"replies":[{"embeddable":true,"href":"https:\/\/se.csbe.qc.ca\/educationsexualite\/wp-json\/wp\/v2\/comments?post=54"}],"version-history":[{"count":1,"href":"https:\/\/se.csbe.qc.ca\/educationsexualite\/wp-json\/wp\/v2\/pages\/54\/revisions"}],"predecessor-version":[{"id":56,"href":"https:\/\/se.csbe.qc.ca\/educationsexualite\/wp-json\/wp\/v2\/pages\/54\/revisions\/56"}],"wp:attachment":[{"href":"https:\/\/se.csbe.qc.ca\/educationsexualite\/wp-json\/wp\/v2\/media?parent=54"}],"curies":[{"name":"wp","href":"https:\/\/api.w.org\/{rel}","templated":true}]}}