{"id":50,"date":"2017-02-27T16:26:03","date_gmt":"2017-02-27T15:26:03","guid":{"rendered":"https:\/\/se.csbe.qc.ca\/educationsexualite\/?page_id=50"},"modified":"2017-12-01T20:45:33","modified_gmt":"2017-12-01T19:45:33","slug":"identite-roles-stereotypes-sexuels-et-normes-sociales-3e-annee","status":"publish","type":"page","link":"https:\/\/se.csbe.qc.ca\/educationsexualite\/identite-roles-stereotypes-sexuels-et-normes-sociales-3e-annee\/","title":{"rendered":"Identit\u00e9, r\u00f4les, st\u00e9r\u00e9otypes sexuels et normes sociales &#8211; 3e ann\u00e9e"},"content":{"rendered":"<div class=\"page-restrict-output\"><p>Documents:<\/p>\n<p><a href=\"https:\/\/se.csbe.qc.ca\/educationsexualite\/files\/2017\/12\/VERT_3e_annee_deroulement_final.pdf\">VERT_3e_ann\u00e9e | D\u00e9roulement_final<\/a><\/p>\n<p><a href=\"https:\/\/se.csbe.qc.ca\/educationsexualite\/files\/2017\/02\/R\u00e9seau-R\u00f4les-et-st\u00e9r\u00e9otypes-3e-primaire.pdf\">VERT 3e ann\u00e9e | R\u00e9seau R\u00f4les et st\u00e9r\u00e9otypes<\/a><\/p>\n<p><a href=\"https:\/\/se.csbe.qc.ca\/educationsexualite\/files\/2017\/02\/VERT_3e_Annexe_ficheparents.pdf\">VERT 3e ann\u00e9e | Annexe &#8211; Fiche parents<\/a><\/p>\n<p><a href=\"https:\/\/se.csbe.qc.ca\/educationsexualite\/files\/2017\/11\/VERT_3e_annee_Notebook.zip\">VERT 3e ann\u00e9e | Notebook<\/a><\/p>\n<!-- WP Attachments -->\r\n        <div style=\"width:100%;margin:10px 0 10px 0;\">\r\n            <h3>Attachments<\/h3>\r\n        <ul class=\"post-attachments\"><li class=\"post-attachment mime-application-pdf\"><a href=\"https:\/\/se.csbe.qc.ca\/educationsexualite\/files\/2017\/02\/R\u00e9seau-R\u00f4les-et-st\u00e9r\u00e9otypes-3e-primaire.pdf\">R\u00e9seau R\u00f4les et st\u00e9r\u00e9otypes - 3e primaire<\/a> <small>(509 kB)<\/small><\/li><li class=\"post-attachment mime-application-pdf\"><a href=\"https:\/\/se.csbe.qc.ca\/educationsexualite\/files\/2017\/02\/VERT_3e_Annexe_ficheparents.pdf\">VERT_3e_Annexe_ficheparents<\/a> <small>(265 kB)<\/small><\/li><li class=\"post-attachment mime-application-zip\"><a href=\"https:\/\/se.csbe.qc.ca\/educationsexualite\/files\/2017\/11\/VERT_3e_annee_Notebook.zip\">VERT_3e_annee_Notebook<\/a> <small>(2 MB)<\/small><\/li><li class=\"post-attachment mime-application-pdf\"><a href=\"https:\/\/se.csbe.qc.ca\/educationsexualite\/files\/2017\/12\/VERT_3e_annee_deroulement_final.pdf\">VERT_3e_annee_deroulement_final<\/a> <small>(368 kB)<\/small><\/li><\/ul><\/div><\/div>","protected":false},"excerpt":{"rendered":"<div class=\"page-restrict-output\"><p>Documents: VERT_3e_ann\u00e9e | D\u00e9roulement_final VERT 3e ann\u00e9e | R\u00e9seau R\u00f4les et st\u00e9r\u00e9otypes VERT 3e ann\u00e9e | Annexe &#8211; Fiche parents VERT 3e ann\u00e9e | Notebook Attachments R\u00e9seau R\u00f4les et st\u00e9r\u00e9otypes &#8211; 3e primaire (509 kB)VERT_3e_Annexe_ficheparents (265 kB)VERT_3e_annee_Notebook (2 MB)VERT_3e_annee_deroulement_final (368 &hellip; <a href=\"https:\/\/se.csbe.qc.ca\/educationsexualite\/identite-roles-stereotypes-sexuels-et-normes-sociales-3e-annee\/\">Continuer la lecture <span class=\"meta-nav\">&rarr;<\/span><\/a><\/p>\n<\/div>","protected":false},"author":844,"featured_media":0,"parent":0,"menu_order":0,"comment_status":"closed","ping_status":"closed","template":"","meta":{"footnotes":""},"class_list":["post-50","page","type-page","status-publish","hentry"],"_links":{"self":[{"href":"https:\/\/se.csbe.qc.ca\/educationsexualite\/wp-json\/wp\/v2\/pages\/50","targetHints":{"allow":["GET"]}}],"collection":[{"href":"https:\/\/se.csbe.qc.ca\/educationsexualite\/wp-json\/wp\/v2\/pages"}],"about":[{"href":"https:\/\/se.csbe.qc.ca\/educationsexualite\/wp-json\/wp\/v2\/types\/page"}],"author":[{"embeddable":true,"href":"https:\/\/se.csbe.qc.ca\/educationsexualite\/wp-json\/wp\/v2\/users\/844"}],"replies":[{"embeddable":true,"href":"https:\/\/se.csbe.qc.ca\/educationsexualite\/wp-json\/wp\/v2\/comments?post=50"}],"version-history":[{"count":7,"href":"https:\/\/se.csbe.qc.ca\/educationsexualite\/wp-json\/wp\/v2\/pages\/50\/revisions"}],"predecessor-version":[{"id":375,"href":"https:\/\/se.csbe.qc.ca\/educationsexualite\/wp-json\/wp\/v2\/pages\/50\/revisions\/375"}],"wp:attachment":[{"href":"https:\/\/se.csbe.qc.ca\/educationsexualite\/wp-json\/wp\/v2\/media?parent=50"}],"curies":[{"name":"wp","href":"https:\/\/api.w.org\/{rel}","templated":true}]}}