{"id":48,"date":"2017-02-27T16:25:30","date_gmt":"2017-02-27T15:25:30","guid":{"rendered":"https:\/\/se.csbe.qc.ca\/educationsexualite\/?page_id=48"},"modified":"2018-02-21T21:31:23","modified_gmt":"2018-02-21T20:31:23","slug":"identite-roles-stereotypes-sexuels-et-normes-sociales-1re-annee","status":"publish","type":"page","link":"https:\/\/se.csbe.qc.ca\/educationsexualite\/identite-roles-stereotypes-sexuels-et-normes-sociales-1re-annee\/","title":{"rendered":"Identit\u00e9, r\u00f4les, st\u00e9r\u00e9otypes sexuels et normes sociales &#8211; 1re ann\u00e9e"},"content":{"rendered":"<div class=\"page-restrict-output\"><p>Documents:<\/p>\n<p><a href=\"https:\/\/se.csbe.qc.ca\/educationsexualite\/files\/2017\/12\/VERT_1re_annee_deroulement_FINAL.pdf\">VERT_1re_ann\u00e9e | D\u00e9roulement_FINAL<\/a><\/p>\n<p>1re_identite_roles_normes_s_exprimer_au_dela_des_stereotypes-1.pdf<\/p>\n<p><a href=\"https:\/\/se.csbe.qc.ca\/educationsexualite\/files\/2017\/02\/VERT_1re_annee_Annexe_fiche_option1.docx\">VERT 1re ann\u00e9e | Annexe &#8211; Fiche option 1<\/a><\/p>\n<p><a href=\"https:\/\/se.csbe.qc.ca\/educationsexualite\/files\/2017\/02\/VERT_1re_annee_Annexe_ficheparents.pdf\">VERT 1re ann\u00e9e | Annexe &#8211; Fiches parents\u00a0<\/a><\/p>\n<p><a href=\"https:\/\/se.csbe.qc.ca\/educationsexualite\/files\/2017\/02\/VERT_1re_annee_Annexe_tu_peux.pdf\">VERT 1re ann\u00e9e | Annexe &#8211; Tu peux<\/a><\/p>\n<p><a href=\"https:\/\/se.csbe.qc.ca\/educationsexualite\/files\/2018\/02\/Illustrations_\u00c9lise-Gravel.docx\">Illustrations_\u00c9lise Gravel<\/a><\/p>\n<p><a href=\"https:\/\/se.csbe.qc.ca\/educationsexualite\/files\/2017\/11\/VERT_1re_annee_Notebook.zip\">VERT 1re ann\u00e9e | Notebook<\/a><\/p>\n<!-- WP Attachments -->\r\n        <div style=\"width:100%;margin:10px 0 10px 0;\">\r\n            <h3>Attachments<\/h3>\r\n        <ul class=\"post-attachments\"><li class=\"post-attachment mime-application-vnd-openxmlformats-officedocument-wordprocessingml-document\"><a href=\"https:\/\/se.csbe.qc.ca\/educationsexualite\/files\/2017\/02\/VERT_1re_annee_Annexe_fiche_option1.docx\">VERT_1re_annee_Annexe_fiche_option1<\/a> <small>(2 MB)<\/small><\/li><li class=\"post-attachment mime-application-pdf\"><a href=\"https:\/\/se.csbe.qc.ca\/educationsexualite\/files\/2017\/02\/VERT_1re_annee_Annexe_ficheparents.pdf\">VERT_1re_annee_Annexe_ficheparents<\/a> <small>(265 kB)<\/small><\/li><li class=\"post-attachment mime-application-pdf\"><a href=\"https:\/\/se.csbe.qc.ca\/educationsexualite\/files\/2017\/02\/VERT_1re_annee_Annexe_tu_peux.pdf\">VERT_1re_annee_Annexe_tu_peux<\/a> <small>(14 MB)<\/small><\/li><li class=\"post-attachment mime-application-pdf\"><a href=\"https:\/\/se.csbe.qc.ca\/educationsexualite\/files\/2017\/02\/VERT_1re_annee_Reseau_livre.pdf\">VERT_1re_annee_Reseau_livre<\/a> <small>(525 kB)<\/small><\/li><li class=\"post-attachment mime-application-zip\"><a href=\"https:\/\/se.csbe.qc.ca\/educationsexualite\/files\/2017\/11\/VERT_1re_annee_Notebook.zip\">VERT_1re_annee_Notebook<\/a> <small>(5 MB)<\/small><\/li><li class=\"post-attachment mime-application-pdf\"><a href=\"https:\/\/se.csbe.qc.ca\/educationsexualite\/files\/2017\/12\/VERT_1re_annee_deroulement_FINAL.pdf\">VERT_1re_annee_deroulement_FINAL<\/a> <small>(356 kB)<\/small><\/li><li class=\"post-attachment mime-application-vnd-openxmlformats-officedocument-wordprocessingml-document\"><a href=\"https:\/\/se.csbe.qc.ca\/educationsexualite\/files\/2018\/02\/Illustrations_\u00c9lise-Gravel.docx\">Illustrations_\u00c9lise Gravel<\/a> <small>(103 kB)<\/small><\/li><li class=\"post-attachment mime-application-pdf\"><a href=\"https:\/\/se.csbe.qc.ca\/educationsexualite\/files\/2018\/02\/1re_identite_roles_normes_s_exprimer_au_dela_des_stereotypes-1.pdf\">1re_identite_roles_normes_s_exprimer_au_dela_des_stereotypes<\/a> <small>(441 kB)<\/small><\/li><\/ul><\/div><\/div>","protected":false},"excerpt":{"rendered":"<div class=\"page-restrict-output\"><p>Documents: VERT_1re_ann\u00e9e | D\u00e9roulement_FINAL 1re_identite_roles_normes_s_exprimer_au_dela_des_stereotypes-1.pdf VERT 1re ann\u00e9e | Annexe &#8211; Fiche option 1 VERT 1re ann\u00e9e | Annexe &#8211; Fiches parents\u00a0 VERT 1re ann\u00e9e | Annexe &#8211; Tu peux Illustrations_\u00c9lise Gravel VERT 1re ann\u00e9e | Notebook Attachments VERT_1re_annee_Annexe_fiche_option1 (2 &hellip; <a href=\"https:\/\/se.csbe.qc.ca\/educationsexualite\/identite-roles-stereotypes-sexuels-et-normes-sociales-1re-annee\/\">Continuer la lecture <span class=\"meta-nav\">&rarr;<\/span><\/a><\/p>\n<\/div>","protected":false},"author":844,"featured_media":0,"parent":0,"menu_order":0,"comment_status":"closed","ping_status":"closed","template":"","meta":{"footnotes":""},"class_list":["post-48","page","type-page","status-publish","hentry"],"_links":{"self":[{"href":"https:\/\/se.csbe.qc.ca\/educationsexualite\/wp-json\/wp\/v2\/pages\/48","targetHints":{"allow":["GET"]}}],"collection":[{"href":"https:\/\/se.csbe.qc.ca\/educationsexualite\/wp-json\/wp\/v2\/pages"}],"about":[{"href":"https:\/\/se.csbe.qc.ca\/educationsexualite\/wp-json\/wp\/v2\/types\/page"}],"author":[{"embeddable":true,"href":"https:\/\/se.csbe.qc.ca\/educationsexualite\/wp-json\/wp\/v2\/users\/844"}],"replies":[{"embeddable":true,"href":"https:\/\/se.csbe.qc.ca\/educationsexualite\/wp-json\/wp\/v2\/comments?post=48"}],"version-history":[{"count":11,"href":"https:\/\/se.csbe.qc.ca\/educationsexualite\/wp-json\/wp\/v2\/pages\/48\/revisions"}],"predecessor-version":[{"id":326,"href":"https:\/\/se.csbe.qc.ca\/educationsexualite\/wp-json\/wp\/v2\/pages\/48\/revisions\/326"}],"wp:attachment":[{"href":"https:\/\/se.csbe.qc.ca\/educationsexualite\/wp-json\/wp\/v2\/media?parent=48"}],"curies":[{"name":"wp","href":"https:\/\/api.w.org\/{rel}","templated":true}]}}