{"id":201,"date":"2017-03-17T19:46:00","date_gmt":"2017-03-17T18:46:00","guid":{"rendered":"https:\/\/se.csbe.qc.ca\/educationsexualite\/?page_id=201"},"modified":"2017-03-17T19:46:00","modified_gmt":"2017-03-17T18:46:00","slug":"identite-roles-stereotypes-sexuels-et-normes-sociales-3e-secondaire-2","status":"publish","type":"page","link":"https:\/\/se.csbe.qc.ca\/educationsexualite\/identite-roles-stereotypes-sexuels-et-normes-sociales-3e-secondaire-2\/","title":{"rendered":"Identit\u00e9, r\u00f4les, st\u00e9r\u00e9otypes sexuels et normes sociales &#8211; 3e secondaire"},"content":{"rendered":"<div class=\"page-restrict-output\"><\/div>","protected":false},"excerpt":{"rendered":"<div class=\"page-restrict-output\"><\/div>","protected":false},"author":844,"featured_media":0,"parent":0,"menu_order":0,"comment_status":"closed","ping_status":"closed","template":"","meta":{"footnotes":""},"class_list":["post-201","page","type-page","status-publish","hentry"],"_links":{"self":[{"href":"https:\/\/se.csbe.qc.ca\/educationsexualite\/wp-json\/wp\/v2\/pages\/201","targetHints":{"allow":["GET"]}}],"collection":[{"href":"https:\/\/se.csbe.qc.ca\/educationsexualite\/wp-json\/wp\/v2\/pages"}],"about":[{"href":"https:\/\/se.csbe.qc.ca\/educationsexualite\/wp-json\/wp\/v2\/types\/page"}],"author":[{"embeddable":true,"href":"https:\/\/se.csbe.qc.ca\/educationsexualite\/wp-json\/wp\/v2\/users\/844"}],"replies":[{"embeddable":true,"href":"https:\/\/se.csbe.qc.ca\/educationsexualite\/wp-json\/wp\/v2\/comments?post=201"}],"version-history":[{"count":1,"href":"https:\/\/se.csbe.qc.ca\/educationsexualite\/wp-json\/wp\/v2\/pages\/201\/revisions"}],"predecessor-version":[{"id":202,"href":"https:\/\/se.csbe.qc.ca\/educationsexualite\/wp-json\/wp\/v2\/pages\/201\/revisions\/202"}],"wp:attachment":[{"href":"https:\/\/se.csbe.qc.ca\/educationsexualite\/wp-json\/wp\/v2\/media?parent=201"}],"curies":[{"name":"wp","href":"https:\/\/api.w.org\/{rel}","templated":true}]}}