{"id":180,"date":"2017-02-27T17:20:29","date_gmt":"2017-02-27T16:20:29","guid":{"rendered":"https:\/\/se.csbe.qc.ca\/educationsexualite\/?page_id=180"},"modified":"2018-02-28T16:26:39","modified_gmt":"2018-02-28T15:26:39","slug":"2e-annee","status":"publish","type":"page","link":"https:\/\/se.csbe.qc.ca\/educationsexualite\/2e-annee\/","title":{"rendered":"2e ann\u00e9e"},"content":{"rendered":"<div class=\"page-restrict-output\"><p>Croissance sexuelle humaine et image corporelle &#8211; 2e ann\u00e9e<\/p>\n<p><a href=\"https:\/\/se.csbe.qc.ca\/educationsexualite\/files\/2018\/02\/affichage_Operateur_repro.pdf\">Document 1<\/a><\/p>\n<p>Vie affective et amoureuse &#8211; 2e ann\u00e9e<\/p>\n<p>&nbsp;<\/p>\n<p>Grossesse et naissance &#8211; 2e ann\u00e9e<\/p>\n<\/div>","protected":false},"excerpt":{"rendered":"<div class=\"page-restrict-output\"><p>Croissance sexuelle humaine et image corporelle &#8211; 2e ann\u00e9e Document 1 Vie affective et amoureuse &#8211; 2e ann\u00e9e &nbsp; Grossesse et naissance &#8211; 2e ann\u00e9e<\/p>\n<\/div>","protected":false},"author":844,"featured_media":0,"parent":0,"menu_order":0,"comment_status":"closed","ping_status":"closed","template":"","meta":{"footnotes":""},"class_list":["post-180","page","type-page","status-publish","hentry"],"_links":{"self":[{"href":"https:\/\/se.csbe.qc.ca\/educationsexualite\/wp-json\/wp\/v2\/pages\/180","targetHints":{"allow":["GET"]}}],"collection":[{"href":"https:\/\/se.csbe.qc.ca\/educationsexualite\/wp-json\/wp\/v2\/pages"}],"about":[{"href":"https:\/\/se.csbe.qc.ca\/educationsexualite\/wp-json\/wp\/v2\/types\/page"}],"author":[{"embeddable":true,"href":"https:\/\/se.csbe.qc.ca\/educationsexualite\/wp-json\/wp\/v2\/users\/844"}],"replies":[{"embeddable":true,"href":"https:\/\/se.csbe.qc.ca\/educationsexualite\/wp-json\/wp\/v2\/comments?post=180"}],"version-history":[{"count":4,"href":"https:\/\/se.csbe.qc.ca\/educationsexualite\/wp-json\/wp\/v2\/pages\/180\/revisions"}],"predecessor-version":[{"id":434,"href":"https:\/\/se.csbe.qc.ca\/educationsexualite\/wp-json\/wp\/v2\/pages\/180\/revisions\/434"}],"wp:attachment":[{"href":"https:\/\/se.csbe.qc.ca\/educationsexualite\/wp-json\/wp\/v2\/media?parent=180"}],"curies":[{"name":"wp","href":"https:\/\/api.w.org\/{rel}","templated":true}]}}