{"id":163,"date":"2017-02-27T17:07:38","date_gmt":"2017-02-27T16:07:38","guid":{"rendered":"https:\/\/se.csbe.qc.ca\/educationsexualite\/?page_id=163"},"modified":"2017-02-27T17:07:38","modified_gmt":"2017-02-27T16:07:38","slug":"prevention-itss-et-grossesse","status":"publish","type":"page","link":"https:\/\/se.csbe.qc.ca\/educationsexualite\/prevention-itss-et-grossesse\/","title":{"rendered":"Pr\u00e9vention ITSS et grossesse"},"content":{"rendered":"<div class=\"page-restrict-output\"><p>Pr\u00e9vention ITSS et grossesse 2e secondaire<\/p>\n<p>&nbsp;<\/p>\n<p>Pr\u00e9vention ITSS et grossesse 3e secondaire<\/p>\n<p>&nbsp;<\/p>\n<p>Pr\u00e9vention ITSS et grossesse 4e secondaire<\/p>\n<p>&nbsp;<\/p>\n<p>Pr\u00e9vention ITSS et grossesse 5e secondaire<\/p>\n<\/div>","protected":false},"excerpt":{"rendered":"<div class=\"page-restrict-output\"><p>Pr\u00e9vention ITSS et grossesse 2e secondaire &nbsp; Pr\u00e9vention ITSS et grossesse 3e secondaire &nbsp; Pr\u00e9vention ITSS et grossesse 4e secondaire &nbsp; Pr\u00e9vention ITSS et grossesse 5e secondaire<\/p>\n<\/div>","protected":false},"author":844,"featured_media":0,"parent":0,"menu_order":0,"comment_status":"closed","ping_status":"closed","template":"","meta":{"footnotes":""},"class_list":["post-163","page","type-page","status-publish","hentry"],"_links":{"self":[{"href":"https:\/\/se.csbe.qc.ca\/educationsexualite\/wp-json\/wp\/v2\/pages\/163","targetHints":{"allow":["GET"]}}],"collection":[{"href":"https:\/\/se.csbe.qc.ca\/educationsexualite\/wp-json\/wp\/v2\/pages"}],"about":[{"href":"https:\/\/se.csbe.qc.ca\/educationsexualite\/wp-json\/wp\/v2\/types\/page"}],"author":[{"embeddable":true,"href":"https:\/\/se.csbe.qc.ca\/educationsexualite\/wp-json\/wp\/v2\/users\/844"}],"replies":[{"embeddable":true,"href":"https:\/\/se.csbe.qc.ca\/educationsexualite\/wp-json\/wp\/v2\/comments?post=163"}],"version-history":[{"count":1,"href":"https:\/\/se.csbe.qc.ca\/educationsexualite\/wp-json\/wp\/v2\/pages\/163\/revisions"}],"predecessor-version":[{"id":164,"href":"https:\/\/se.csbe.qc.ca\/educationsexualite\/wp-json\/wp\/v2\/pages\/163\/revisions\/164"}],"wp:attachment":[{"href":"https:\/\/se.csbe.qc.ca\/educationsexualite\/wp-json\/wp\/v2\/media?parent=163"}],"curies":[{"name":"wp","href":"https:\/\/api.w.org\/{rel}","templated":true}]}}