{"id":115,"date":"2017-02-27T16:36:52","date_gmt":"2017-02-27T15:36:52","guid":{"rendered":"https:\/\/se.csbe.qc.ca\/educationsexualite\/?page_id=115"},"modified":"2017-12-01T20:33:26","modified_gmt":"2017-12-01T19:33:26","slug":"globalite-de-la-sexualite-3e-annee","status":"publish","type":"page","link":"https:\/\/se.csbe.qc.ca\/educationsexualite\/globalite-de-la-sexualite-3e-annee\/","title":{"rendered":"Globalit\u00e9 de la sexualit\u00e9 &#8211; 3e ann\u00e9e"},"content":{"rendered":"<div class=\"page-restrict-output\"><p>Documents<\/p>\n<p><a href=\"https:\/\/se.csbe.qc.ca\/educationsexualite\/files\/2017\/12\/ROSE_3e_annee_deroulement_FINAL.pdf\">ROSE_3e_ann\u00e9e |_D\u00e9roulement_FINAL<\/a><\/p>\n<p><a href=\"https:\/\/se.csbe.qc.ca\/educationsexualite\/files\/2017\/02\/ROSE_3e_annee_Annexe_jeu_association.docx\">ROSE 3e ann\u00e9e | Annexe &#8211; Jeu association<\/a><\/p>\n<p><a href=\"https:\/\/se.csbe.qc.ca\/educationsexualite\/files\/2017\/02\/ROSE_3e_annee_Annexe_Mosaik_Capsule2.pdf\">ROSE 3e ann\u00e9e | Annexe &#8211; Mosaik Capsule<\/a><\/p>\n<p><a href=\"https:\/\/se.csbe.qc.ca\/educationsexualite\/files\/2017\/11\/ROSE_3e_annee_Notebook.zip\">ROSE 3e ann\u00e9e | Notebook<\/a><\/p>\n<!-- WP Attachments -->\r\n        <div style=\"width:100%;margin:10px 0 10px 0;\">\r\n            <h3>Attachments<\/h3>\r\n        <ul class=\"post-attachments\"><li class=\"post-attachment mime-application-vnd-openxmlformats-officedocument-wordprocessingml-document\"><a href=\"https:\/\/se.csbe.qc.ca\/educationsexualite\/files\/2017\/02\/ROSE_3e_annee_Annexe_jeu_association.docx\">ROSE_3e_annee_Annexe_jeu_association<\/a> <small>(2 MB)<\/small><\/li><li class=\"post-attachment mime-application-pdf\"><a href=\"https:\/\/se.csbe.qc.ca\/educationsexualite\/files\/2017\/02\/ROSE_3e_annee_Annexe_Mosaik_Capsule2.pdf\">ROSE_3e_annee_Annexe_Mosaik_Capsule2<\/a> <small>(1014 kB)<\/small><\/li><li class=\"post-attachment mime-application-zip\"><a href=\"https:\/\/se.csbe.qc.ca\/educationsexualite\/files\/2017\/11\/ROSE_3e_annee_Notebook.zip\">ROSE_3e_annee_Notebook<\/a> <small>(3 MB)<\/small><\/li><li class=\"post-attachment mime-application-pdf\"><a href=\"https:\/\/se.csbe.qc.ca\/educationsexualite\/files\/2017\/12\/ROSE_3e_annee_deroulement_FINAL.pdf\">ROSE_3e_annee_deroulement_FINAL<\/a> <small>(357 kB)<\/small><\/li><\/ul><\/div><\/div>","protected":false},"excerpt":{"rendered":"<div class=\"page-restrict-output\"><p>Documents ROSE_3e_ann\u00e9e |_D\u00e9roulement_FINAL ROSE 3e ann\u00e9e | Annexe &#8211; Jeu association ROSE 3e ann\u00e9e | Annexe &#8211; Mosaik Capsule ROSE 3e ann\u00e9e | Notebook Attachments ROSE_3e_annee_Annexe_jeu_association (2 MB)ROSE_3e_annee_Annexe_Mosaik_Capsule2 (1014 kB)ROSE_3e_annee_Notebook (3 MB)ROSE_3e_annee_deroulement_FINAL (357 kB)<\/p>\n<\/div>","protected":false},"author":844,"featured_media":0,"parent":0,"menu_order":0,"comment_status":"closed","ping_status":"closed","template":"","meta":{"footnotes":""},"class_list":["post-115","page","type-page","status-publish","hentry"],"_links":{"self":[{"href":"https:\/\/se.csbe.qc.ca\/educationsexualite\/wp-json\/wp\/v2\/pages\/115","targetHints":{"allow":["GET"]}}],"collection":[{"href":"https:\/\/se.csbe.qc.ca\/educationsexualite\/wp-json\/wp\/v2\/pages"}],"about":[{"href":"https:\/\/se.csbe.qc.ca\/educationsexualite\/wp-json\/wp\/v2\/types\/page"}],"author":[{"embeddable":true,"href":"https:\/\/se.csbe.qc.ca\/educationsexualite\/wp-json\/wp\/v2\/users\/844"}],"replies":[{"embeddable":true,"href":"https:\/\/se.csbe.qc.ca\/educationsexualite\/wp-json\/wp\/v2\/comments?post=115"}],"version-history":[{"count":6,"href":"https:\/\/se.csbe.qc.ca\/educationsexualite\/wp-json\/wp\/v2\/pages\/115\/revisions"}],"predecessor-version":[{"id":373,"href":"https:\/\/se.csbe.qc.ca\/educationsexualite\/wp-json\/wp\/v2\/pages\/115\/revisions\/373"}],"wp:attachment":[{"href":"https:\/\/se.csbe.qc.ca\/educationsexualite\/wp-json\/wp\/v2\/media?parent=115"}],"curies":[{"name":"wp","href":"https:\/\/api.w.org\/{rel}","templated":true}]}}