{"id":113,"date":"2017-02-27T16:36:30","date_gmt":"2017-02-27T15:36:30","guid":{"rendered":"https:\/\/se.csbe.qc.ca\/educationsexualite\/?page_id=113"},"modified":"2018-02-21T18:52:32","modified_gmt":"2018-02-21T17:52:32","slug":"globalite-de-la-sexualite-1re-annee","status":"publish","type":"page","link":"https:\/\/se.csbe.qc.ca\/educationsexualite\/globalite-de-la-sexualite-1re-annee\/","title":{"rendered":"Globalit\u00e9 de la sexualit\u00e9 &#8211; 1re ann\u00e9e"},"content":{"rendered":"<div class=\"page-restrict-output\"><p><a href=\"https:\/\/se.csbe.qc.ca\/educationsexualite\/files\/2017\/12\/ROSE-1re-ann\u00e9e-FINAL.pdf\">ROSE Canevas p\u00e9dagogique MEES 1re ann\u00e9e<\/a><\/p>\n<p>Documents :<\/p>\n<p><a href=\"https:\/\/se.csbe.qc.ca\/educationsexualite\/files\/2017\/11\/ROSE_1re_annee_deroulement_FINAL.pdf\">ROSE 1re ann\u00e9e | D\u00e9roulement<\/a><\/p>\n<p><a href=\"https:\/\/se.csbe.qc.ca\/educationsexualite\/files\/2017\/02\/ROSE_1re_annee_Annexe_dessin_conclusion.docx\">ROSE 1re ann\u00e9e | Annexe &#8211; Dessin conclusion<\/a><\/p>\n<p><a href=\"https:\/\/se.csbe.qc.ca\/educationsexualite\/files\/2017\/02\/ROSE_1re_annee_Annexe_jeu-association.docx\">ROSE 1re ann\u00e9e | Annexe &#8211; Jeu association<\/a><\/p>\n<p><a href=\"https:\/\/se.csbe.qc.ca\/educationsexualite\/files\/2017\/02\/ROSE_1re_annee_Annexe_Mosaik_Capsule2.pdf\">ROSE 1re ann\u00e9e | Annexe &#8211; Mosaik Capsule 2<\/a><\/p>\n<p><a href=\"https:\/\/se.csbe.qc.ca\/educationsexualite\/files\/2017\/11\/ROSE_1re_annee_Notebook.zip\">ROSE 1re ann\u00e9e | Notebook<\/a><\/p>\n<!-- WP Attachments -->\r\n        <div style=\"width:100%;margin:10px 0 10px 0;\">\r\n            <h3>Attachments<\/h3>\r\n        <ul class=\"post-attachments\"><li class=\"post-attachment mime-application-pdf\"><a href=\"https:\/\/se.csbe.qc.ca\/educationsexualite\/files\/2017\/02\/ROSE-1re-ann\u00e9e-FINAL-janvier-2017.pdf\">ROSE 1re ann\u00e9e FINAL janvier 2017<\/a> <small>(492 kB)<\/small><\/li><li class=\"post-attachment mime-application-vnd-openxmlformats-officedocument-wordprocessingml-document\"><a href=\"https:\/\/se.csbe.qc.ca\/educationsexualite\/files\/2017\/02\/ROSE_1re_annee_Annexe_dessin_conclusion.docx\">ROSE_1re_annee_Annexe_dessin_conclusion<\/a> <small>(316 kB)<\/small><\/li><li class=\"post-attachment mime-application-vnd-openxmlformats-officedocument-wordprocessingml-document\"><a href=\"https:\/\/se.csbe.qc.ca\/educationsexualite\/files\/2017\/02\/ROSE_1re_annee_Annexe_jeu-association.docx\">ROSE_1re_annee_Annexe_jeu association<\/a> <small>(4 MB)<\/small><\/li><li class=\"post-attachment mime-application-pdf\"><a href=\"https:\/\/se.csbe.qc.ca\/educationsexualite\/files\/2017\/02\/ROSE_1re_annee_Annexe_Mosaik_Capsule2.pdf\">ROSE_1re_annee_Annexe_Mosaik_Capsule2<\/a> <small>(1014 kB)<\/small><\/li><li class=\"post-attachment mime-application-pdf\"><a href=\"https:\/\/se.csbe.qc.ca\/educationsexualite\/files\/2017\/11\/ROSE_1re_annee_deroulement_FINAL.pdf\">ROSE_1re_annee_deroulement_FINAL<\/a> <small>(546 kB)<\/small><\/li><li class=\"post-attachment mime-application-zip\"><a href=\"https:\/\/se.csbe.qc.ca\/educationsexualite\/files\/2017\/11\/ROSE_1re_annee_Notebook.zip\">ROSE_1re_annee_Notebook<\/a> <small>(3 MB)<\/small><\/li><li class=\"post-attachment mime-application-pdf\"><a href=\"https:\/\/se.csbe.qc.ca\/educationsexualite\/files\/2017\/12\/ROSE-1re-ann\u00e9e-FINAL.pdf\">ROSE 1re ann\u00e9e FINAL<\/a> <small>(492 kB)<\/small><\/li><li class=\"post-attachment mime-application-zip\"><a href=\"https:\/\/se.csbe.qc.ca\/educationsexualite\/files\/2017\/11\/ROSE_1re_annee_Notebook-1.zip\">ROSE_1re_annee_Notebook<\/a> <small>(3 MB)<\/small><\/li><\/ul><\/div><\/div>","protected":false},"excerpt":{"rendered":"<div class=\"page-restrict-output\"><p>ROSE Canevas p\u00e9dagogique MEES 1re ann\u00e9e Documents : ROSE 1re ann\u00e9e | D\u00e9roulement ROSE 1re ann\u00e9e | Annexe &#8211; Dessin conclusion ROSE 1re ann\u00e9e | Annexe &#8211; Jeu association ROSE 1re ann\u00e9e | Annexe &#8211; Mosaik Capsule 2 ROSE 1re &hellip; <a href=\"https:\/\/se.csbe.qc.ca\/educationsexualite\/globalite-de-la-sexualite-1re-annee\/\">Continuer la lecture <span class=\"meta-nav\">&rarr;<\/span><\/a><\/p>\n<\/div>","protected":false},"author":844,"featured_media":0,"parent":0,"menu_order":0,"comment_status":"closed","ping_status":"closed","template":"","meta":{"footnotes":""},"class_list":["post-113","page","type-page","status-publish","hentry"],"_links":{"self":[{"href":"https:\/\/se.csbe.qc.ca\/educationsexualite\/wp-json\/wp\/v2\/pages\/113","targetHints":{"allow":["GET"]}}],"collection":[{"href":"https:\/\/se.csbe.qc.ca\/educationsexualite\/wp-json\/wp\/v2\/pages"}],"about":[{"href":"https:\/\/se.csbe.qc.ca\/educationsexualite\/wp-json\/wp\/v2\/types\/page"}],"author":[{"embeddable":true,"href":"https:\/\/se.csbe.qc.ca\/educationsexualite\/wp-json\/wp\/v2\/users\/844"}],"replies":[{"embeddable":true,"href":"https:\/\/se.csbe.qc.ca\/educationsexualite\/wp-json\/wp\/v2\/comments?post=113"}],"version-history":[{"count":7,"href":"https:\/\/se.csbe.qc.ca\/educationsexualite\/wp-json\/wp\/v2\/pages\/113\/revisions"}],"predecessor-version":[{"id":408,"href":"https:\/\/se.csbe.qc.ca\/educationsexualite\/wp-json\/wp\/v2\/pages\/113\/revisions\/408"}],"wp:attachment":[{"href":"https:\/\/se.csbe.qc.ca\/educationsexualite\/wp-json\/wp\/v2\/media?parent=113"}],"curies":[{"name":"wp","href":"https:\/\/api.w.org\/{rel}","templated":true}]}}