{"id":100,"date":"2017-02-27T16:33:50","date_gmt":"2017-02-27T15:33:50","guid":{"rendered":"https:\/\/se.csbe.qc.ca\/educationsexualite\/?page_id=100"},"modified":"2018-01-26T20:55:40","modified_gmt":"2018-01-26T19:55:40","slug":"prevention-agressionviolence-sexuelle-5e-annee","status":"publish","type":"page","link":"https:\/\/se.csbe.qc.ca\/educationsexualite\/prevention-agressionviolence-sexuelle-5e-annee\/","title":{"rendered":"Pr\u00e9vention agression\/violence sexuelle &#8211; 5e ann\u00e9e"},"content":{"rendered":"<div class=\"page-restrict-output\"><p><a href=\"https:\/\/se.csbe.qc.ca\/educationsexualite\/files\/2017\/11\/Gris-5e-ann\u00e9e-FINAL.pdf\">Gris Canevas p\u00e9dagogique MEES 5e ann\u00e9e<\/a><\/p>\n<p>Documents :<\/p>\n<p><a href=\"https:\/\/se.csbe.qc.ca\/educationsexualite\/files\/2017\/11\/GRIS_5e_annee_deroulement_FINAL.pdf\">GRIS 5e ann\u00e9e | D\u00e9roulement<\/a><\/p>\n<p><a href=\"https:\/\/se.csbe.qc.ca\/educationsexualite\/files\/2017\/11\/GRIS_5e_annee_Diaporama.pptx\">GRIS 5e ann\u00e9e | Diaporama<\/a><\/p>\n<p><a href=\"https:\/\/se.csbe.qc.ca\/educationsexualite\/files\/2017\/11\/GRIS_5e_annee_Annexe_environnement_securite.pdf\">GRIS 5e ann\u00e9e | Annexe &#8211; Environnement s\u00e9curit\u00e9<\/a><\/p>\n<p><a href=\"https:\/\/se.csbe.qc.ca\/educationsexualite\/files\/2017\/11\/GRIS_5e_annee_Annexe_histoire_Olivia.docx\">GRIS 5e ann\u00e9e | Annexe &#8211; Histoire Olivia<\/a><\/p>\n<p><a href=\"https:\/\/se.csbe.qc.ca\/educationsexualite\/files\/2017\/11\/GRIS_5e_annee_Annexe_Mosaik_bulletin7.pdf\">GRIS 5e ann\u00e9e | Annexe &#8211; Mosaik Bulletin<\/a><\/p>\n<p><a href=\"https:\/\/se.csbe.qc.ca\/educationsexualite\/files\/2017\/11\/GRIS_5e_annee_Annexe_-Securite_internet.pdf\">GRIS 5e ann\u00e9e | Annexe &#8211; S\u00e9curit\u00e9 Internet<\/a><\/p>\n<p><a href=\"https:\/\/se.csbe.qc.ca\/educationsexualite\/files\/2017\/11\/GRIS_5e_annee_Annexe_7regles_securite.pdf\">GRIS 5e ann\u00e9e | Annexe &#8211; 7 r\u00e8gles de s\u00e9curit\u00e9<\/a><\/p>\n<p><a href=\"https:\/\/se.csbe.qc.ca\/educationsexualite\/files\/2017\/11\/GRIS_5e_annee_Annexe_conclusion.docx\">GRIS 5e ann\u00e9e | Annexe &#8211; Conclusion<\/a><\/p>\n<p><a href=\"https:\/\/se.csbe.qc.ca\/educationsexualite\/files\/2017\/11\/KIK_Danger_etranger.pdf\">KIK_Danger_etranger<\/a><\/p>\n<!-- WP Attachments -->\r\n        <div style=\"width:100%;margin:10px 0 10px 0;\">\r\n            <h3>Attachments<\/h3>\r\n        <ul class=\"post-attachments\"><li class=\"post-attachment mime-application-pdf\"><a href=\"https:\/\/se.csbe.qc.ca\/educationsexualite\/files\/2017\/11\/GRIS_5e_annee_Annexe_environnement_securite.pdf\">GRIS_5e_annee_Annexe_environnement_securite<\/a> <small>(199 kB)<\/small><\/li><li class=\"post-attachment mime-application-vnd-openxmlformats-officedocument-wordprocessingml-document\"><a href=\"https:\/\/se.csbe.qc.ca\/educationsexualite\/files\/2017\/11\/GRIS_5e_annee_Annexe_histoire_Olivia.docx\">GRIS_5e_annee_Annexe_histoire_Olivia<\/a> <small>(18 kB)<\/small><\/li><li class=\"post-attachment mime-application-pdf\"><a href=\"https:\/\/se.csbe.qc.ca\/educationsexualite\/files\/2017\/11\/GRIS_5e_annee_Annexe_Mosaik_bulletin7.pdf\">GRIS_5e_annee_Annexe_Mosaik_bulletin7<\/a> <small>(2 MB)<\/small><\/li><li class=\"post-attachment mime-application-vnd-openxmlformats-officedocument-presentationml-presentation\"><a href=\"https:\/\/se.csbe.qc.ca\/educationsexualite\/files\/2017\/11\/GRIS_5e_annee_Diaporama.pptx\">GRIS_5e_annee_Diaporama<\/a> <small>(2 MB)<\/small><\/li><li class=\"post-attachment mime-application-pdf\"><a href=\"https:\/\/se.csbe.qc.ca\/educationsexualite\/files\/2017\/11\/GRIS_5e_annee_deroulement_FINAL.pdf\">GRIS_5e_annee_deroulement_FINAL<\/a> <small>(488 kB)<\/small><\/li><li class=\"post-attachment mime-application-pdf\"><a href=\"https:\/\/se.csbe.qc.ca\/educationsexualite\/files\/2017\/11\/Gris-5e-ann\u00e9e-FINAL.pdf\">Gris 5e ann\u00e9e FINAL<\/a> <small>(752 kB)<\/small><\/li><li class=\"post-attachment mime-application-pdf\"><a href=\"https:\/\/se.csbe.qc.ca\/educationsexualite\/files\/2017\/11\/GRIS_5e_annee_Annexe_-Securite_internet.pdf\">GRIS_5e_annee_Annexe_ Securite_internet<\/a> <small>(964 kB)<\/small><\/li><li class=\"post-attachment mime-application-pdf\"><a href=\"https:\/\/se.csbe.qc.ca\/educationsexualite\/files\/2017\/11\/GRIS_5e_annee_Annexe_7regles_securite.pdf\">GRIS_5e_annee_Annexe_7regles_securite<\/a> <small>(224 kB)<\/small><\/li><li class=\"post-attachment mime-application-vnd-openxmlformats-officedocument-wordprocessingml-document\"><a href=\"https:\/\/se.csbe.qc.ca\/educationsexualite\/files\/2017\/11\/GRIS_5e_annee_Annexe_conclusion.docx\">GRIS_5e_annee_Annexe_conclusion<\/a> <small>(22 kB)<\/small><\/li><li class=\"post-attachment mime-application-pdf\"><a href=\"https:\/\/se.csbe.qc.ca\/educationsexualite\/files\/2017\/11\/GRIS_5e_annee_Annexe_danger_etranger.pdf\">GRIS_5e_annee_Annexe_danger_etranger<\/a> <small>(209 kB)<\/small><\/li><\/ul><\/div><\/div>","protected":false},"excerpt":{"rendered":"<div class=\"page-restrict-output\"><p>Gris Canevas p\u00e9dagogique MEES 5e ann\u00e9e Documents : GRIS 5e ann\u00e9e | D\u00e9roulement GRIS 5e ann\u00e9e | Diaporama GRIS 5e ann\u00e9e | Annexe &#8211; Environnement s\u00e9curit\u00e9 GRIS 5e ann\u00e9e | Annexe &#8211; Histoire Olivia GRIS 5e ann\u00e9e | Annexe &#8211; &hellip; <a href=\"https:\/\/se.csbe.qc.ca\/educationsexualite\/prevention-agressionviolence-sexuelle-5e-annee\/\">Continuer la lecture <span class=\"meta-nav\">&rarr;<\/span><\/a><\/p>\n<\/div>","protected":false},"author":844,"featured_media":0,"parent":0,"menu_order":0,"comment_status":"closed","ping_status":"closed","template":"","meta":{"footnotes":""},"class_list":["post-100","page","type-page","status-publish","hentry"],"_links":{"self":[{"href":"https:\/\/se.csbe.qc.ca\/educationsexualite\/wp-json\/wp\/v2\/pages\/100","targetHints":{"allow":["GET"]}}],"collection":[{"href":"https:\/\/se.csbe.qc.ca\/educationsexualite\/wp-json\/wp\/v2\/pages"}],"about":[{"href":"https:\/\/se.csbe.qc.ca\/educationsexualite\/wp-json\/wp\/v2\/types\/page"}],"author":[{"embeddable":true,"href":"https:\/\/se.csbe.qc.ca\/educationsexualite\/wp-json\/wp\/v2\/users\/844"}],"replies":[{"embeddable":true,"href":"https:\/\/se.csbe.qc.ca\/educationsexualite\/wp-json\/wp\/v2\/comments?post=100"}],"version-history":[{"count":7,"href":"https:\/\/se.csbe.qc.ca\/educationsexualite\/wp-json\/wp\/v2\/pages\/100\/revisions"}],"predecessor-version":[{"id":396,"href":"https:\/\/se.csbe.qc.ca\/educationsexualite\/wp-json\/wp\/v2\/pages\/100\/revisions\/396"}],"wp:attachment":[{"href":"https:\/\/se.csbe.qc.ca\/educationsexualite\/wp-json\/wp\/v2\/media?parent=100"}],"curies":[{"name":"wp","href":"https:\/\/api.w.org\/{rel}","templated":true}]}}