{"id":102,"date":"2018-04-20T11:19:07","date_gmt":"2018-04-20T15:19:07","guid":{"rendered":"https:\/\/se.csbe.qc.ca\/dependances\/?page_id=102"},"modified":"2018-04-20T11:19:07","modified_gmt":"2018-04-20T15:19:07","slug":"apprenez-a-votre-enfant-a-resoudre-ses-problemes","status":"publish","type":"page","link":"https:\/\/se.csbe.qc.ca\/dependances\/apprenez-a-votre-enfant-a-resoudre-ses-problemes\/","title":{"rendered":"Apprenez \u00e0 votre enfant \u00e0 r\u00e9soudre ses probl\u00e8mes"},"content":{"rendered":"<div class=\"page-restrict-output\"><\/div>","protected":false},"excerpt":{"rendered":"<div class=\"page-restrict-output\"><\/div>","protected":false},"author":2,"featured_media":0,"parent":0,"menu_order":0,"comment_status":"closed","ping_status":"closed","template":"","meta":{"footnotes":""},"class_list":["post-102","page","type-page","status-publish","hentry"],"_links":{"self":[{"href":"https:\/\/se.csbe.qc.ca\/dependances\/wp-json\/wp\/v2\/pages\/102","targetHints":{"allow":["GET"]}}],"collection":[{"href":"https:\/\/se.csbe.qc.ca\/dependances\/wp-json\/wp\/v2\/pages"}],"about":[{"href":"https:\/\/se.csbe.qc.ca\/dependances\/wp-json\/wp\/v2\/types\/page"}],"author":[{"embeddable":true,"href":"https:\/\/se.csbe.qc.ca\/dependances\/wp-json\/wp\/v2\/users\/2"}],"replies":[{"embeddable":true,"href":"https:\/\/se.csbe.qc.ca\/dependances\/wp-json\/wp\/v2\/comments?post=102"}],"version-history":[{"count":1,"href":"https:\/\/se.csbe.qc.ca\/dependances\/wp-json\/wp\/v2\/pages\/102\/revisions"}],"predecessor-version":[{"id":103,"href":"https:\/\/se.csbe.qc.ca\/dependances\/wp-json\/wp\/v2\/pages\/102\/revisions\/103"}],"wp:attachment":[{"href":"https:\/\/se.csbe.qc.ca\/dependances\/wp-json\/wp\/v2\/media?parent=102"}],"curies":[{"name":"wp","href":"https:\/\/api.w.org\/{rel}","templated":true}]}}