{"id":321,"date":"2014-10-30T13:09:41","date_gmt":"2014-10-30T15:09:41","guid":{"rendered":"https:\/\/se.csbe.qc.ca\/biblio\/?page_id=321"},"modified":"2024-01-24T11:18:16","modified_gmt":"2024-01-24T13:18:16","slug":"liens-vers-catalogue-regard-des-ecoles","status":"publish","type":"page","link":"https:\/\/se.csbe.qc.ca\/biblio\/liens-vers-catalogue-regard-des-ecoles\/","title":{"rendered":"Utiliser la biblioth\u00e8que"},"content":{"rendered":"<div class=\"page-restrict-output\"><p>Liens vers le catalogue Regard des \u00e9coles secondaires.<\/p>\n<p><a href=\"https:\/\/webbe.appgrics.ca\/Regard_PAPP\/Pages\/Front\/Accueil\/Accueil.aspx#lisucc\" target=\"_blank\" rel=\"noopener\">\u00c9cole des Appalaches<\/a><\/p>\n<p><a href=\"https:\/\/webbe.appgrics.ca\/Regard_TRIN\/Pages\/Front\/Accueil\/Accueil.aspx#lisucc\" target=\"_blank\" rel=\"noopener\">\u00c9cole des Deux-Rives<\/a><\/p>\n<p><a href=\"https:\/\/webbe.appgrics.ca\/Regard_PVEI\/Pages\/Front\/Accueil\/Accueil.aspx#lisucc\" target=\"_blank\" rel=\"noopener\">\u00c9cole secondaire Veilleux<\/a><\/p>\n<p><a href=\"https:\/\/webbe.appgrics.ca\/Regard_PBEL\/Pages\/Front\/Accueil\/Accueil.aspx#lisucc\" target=\"_blank\" rel=\"noopener\">Polyvalente B\u00e9langer<\/a><\/p>\n<p><a href=\"https:\/\/webbe.appgrics.ca\/Regard_PBV\/Pages\/Front\/Accueil\/Accueil.aspx#lisucc\" target=\"_blank\" rel=\"noopener\">Polyvalente Beno\u00eet-Vachon<\/a><\/p>\n<p><a href=\"https:\/\/webbe.appgrics.ca\/Regard_PSTG\/Pages\/Front\/Accueil\/Accueil.aspx#lisucc\" target=\"_blank\" rel=\"noopener\">Polyvalente St-Georges<\/a><\/p>\n<p><a href=\"https:\/\/webbe.appgrics.ca\/Regard_PABE\/Pages\/Front\/Accueil\/Accueil.aspx#lisucc\" target=\"_blank\" rel=\"noopener\">Polyvalente des Ab\u00e9naquis<\/a><\/p>\n<p><a href=\"https:\/\/webbe.appgrics.ca\/Regard_PSTF\/Pages\/Front\/Accueil\/Accueil.aspx#lisucc\" target=\"_blank\" rel=\"noopener\">Polyvalente Saint-Fran\u00e7ois<\/a><\/p>\n<\/div>","protected":false},"excerpt":{"rendered":"<div class=\"page-restrict-output\"><p>Liens vers le catalogue Regard des \u00e9coles secondaires. \u00c9cole des Appalaches \u00c9cole des Deux-Rives \u00c9cole secondaire Veilleux Polyvalente B\u00e9langer Polyvalente Beno\u00eet-Vachon Polyvalente St-Georges Polyvalente des Ab\u00e9naquis Polyvalente Saint-Fran\u00e7ois<\/p>\n<\/div>","protected":false},"author":5,"featured_media":0,"parent":0,"menu_order":0,"comment_status":"closed","ping_status":"open","template":"","meta":{"footnotes":""},"class_list":["post-321","page","type-page","status-publish","hentry"],"_links":{"self":[{"href":"https:\/\/se.csbe.qc.ca\/biblio\/wp-json\/wp\/v2\/pages\/321","targetHints":{"allow":["GET"]}}],"collection":[{"href":"https:\/\/se.csbe.qc.ca\/biblio\/wp-json\/wp\/v2\/pages"}],"about":[{"href":"https:\/\/se.csbe.qc.ca\/biblio\/wp-json\/wp\/v2\/types\/page"}],"author":[{"embeddable":true,"href":"https:\/\/se.csbe.qc.ca\/biblio\/wp-json\/wp\/v2\/users\/5"}],"replies":[{"embeddable":true,"href":"https:\/\/se.csbe.qc.ca\/biblio\/wp-json\/wp\/v2\/comments?post=321"}],"version-history":[{"count":5,"href":"https:\/\/se.csbe.qc.ca\/biblio\/wp-json\/wp\/v2\/pages\/321\/revisions"}],"predecessor-version":[{"id":1484,"href":"https:\/\/se.csbe.qc.ca\/biblio\/wp-json\/wp\/v2\/pages\/321\/revisions\/1484"}],"wp:attachment":[{"href":"https:\/\/se.csbe.qc.ca\/biblio\/wp-json\/wp\/v2\/media?parent=321"}],"curies":[{"name":"wp","href":"https:\/\/api.w.org\/{rel}","templated":true}]}}